{"id":43,"date":"2007-06-05T02:10:51","date_gmt":"2007-06-05T06:10:51","guid":{"rendered":"http:\/\/people.paperclip.com.pe\/guillex\/teh-acerca-de\/"},"modified":"2024-09-14T00:26:00","modified_gmt":"2024-09-14T05:26:00","slug":"sobre-mi","status":"publish","type":"page","link":"https:\/\/guille.pe\/blog\/sobre-mi\/","title":{"rendered":"Sobre mi"},"content":{"rendered":"\n<p class=\"has-text-align-left\">Mi Nombre es Guillermo Huamani De La Torre,&nbsp; o simplemente <strong>Guille<\/strong> para muchos, Nac\u00ed el 1 de abril de 1984 en <strong>Ica<\/strong> y actualmente resido en Nasca, donde lidero como <strong>CEO &amp; Founder de SIGNAL PERU<\/strong>, una empresa dedicada a revolucionar las telecomunicaciones en el pa\u00eds. Mi pasi\u00f3n por la tecnolog\u00eda y las redes ha sido el motor que me ha impulsado desde mis inicios, y sigo comprometido con llevar conectividad avanzada a todos los rincones donde <strong>SIGNAL<\/strong> tenga cobertura.<br><\/p>\n\n\n\n<p>Desde desde mis inicios con mis primeras computadoras, (Matrix y Trinity), he estado profundamente conectado con el mundo de la inform\u00e1tica y la tecnolog\u00eda. A lo largo de los a\u00f1os, mi enfoque ha evolucionado hacia \u00e1reas avanzadas como <strong>IPv6<\/strong> y <strong>DWDM<\/strong>, impulsando el despliegue de soluciones innovadoras en telecomunicaciones.<br><\/p>\n\n\n\n<p>Adem\u00e1s de mi rol como emprendedor, dedico tiempo a <strong>escribir en mi blog<\/strong> sobre tecnolog\u00eda, telecomunicaciones, IPv6 &lt;3, redes, historia y m\u00e1s. Este blog es un espacio donde comparto ideas y exploro el impacto de la tecnolog\u00eda en el mundo, impulsado por la necesidad de contribuir a la comunidad t\u00e9cnica y de inspirar a otros.<br><\/p>\n\n\n\n<p>Mis intereses abarcan la administraci\u00f3n de sistemas en <strong>Linux<\/strong> y la implementaci\u00f3n de <strong>despliegues de virtualizaci\u00f3n de servidores<\/strong>, as\u00ed como impulsar a las empresas a <strong>confiar en que sus recursos tecnol\u00f3gicos deben estar en la nube<\/strong> para optimizar su infraestructura y mejorar su eficiencia.<\/p>\n\n\n\n<p>Entre mis metas se encuentran:<\/p>\n\n\n\n<ol class=\"wp-block-list\">\n<li>Escribir un libro t\u00e9cnico sobre telecomunicaciones.<\/li>\n\n\n\n<li>Obtener un <strong>Ph.D.<\/strong> en el \u00e1rea para profundizar mis conocimientos.<\/li>\n\n\n\n<li>Experimentar la conducci\u00f3n de un <strong>Tesla \ud83d\ude01<\/strong> y explorar los cinco continentes.<\/li>\n<\/ol>\n\n\n\n<p>Diariamente, utilizo herramientas como <strong>vim, Scite, Putty<\/strong>, y otros recursos esenciales para administrar y optimizar redes de la mejor forma posible. A trav\u00e9s de <strong>SIGNAL PERU<\/strong>, sigo desarrollando proyectos que conectan personas, fomentando la equidad y el acceso a la tecnolog\u00eda en la regi\u00f3n.<\/p>\n\n\n\n<p>Convencido de que <strong>\u00abla tecnolog\u00eda distribuida por la ingenier\u00eda es el motor de la equidad en la regi\u00f3n\u00bb<\/strong>, sigo adelante con mi misi\u00f3n de transformar el futuro de las telecomunicaciones en Per\u00fa.<\/p>\n\n\n\n<p><\/p>\n","protected":false},"excerpt":{"rendered":"<p>Mi Nombre es Guillermo Huamani De La Torre,&nbsp; o simplemente Guille para muchos, Nac\u00ed el 1 de abril de 1984 en Ica y actualmente resido en Nasca, donde lidero como&#8230;<\/p>\n","protected":false},"author":1,"featured_media":0,"parent":0,"menu_order":0,"comment_status":"open","ping_status":"closed","template":"","meta":{"footnotes":""},"class_list":["post-43","page","type-page","status-publish","hentry"],"_links":{"self":[{"href":"https:\/\/guille.pe\/blog\/wp-json\/wp\/v2\/pages\/43","targetHints":{"allow":["GET"]}}],"collection":[{"href":"https:\/\/guille.pe\/blog\/wp-json\/wp\/v2\/pages"}],"about":[{"href":"https:\/\/guille.pe\/blog\/wp-json\/wp\/v2\/types\/page"}],"author":[{"embeddable":true,"href":"https:\/\/guille.pe\/blog\/wp-json\/wp\/v2\/users\/1"}],"replies":[{"embeddable":true,"href":"https:\/\/guille.pe\/blog\/wp-json\/wp\/v2\/comments?post=43"}],"version-history":[{"count":37,"href":"https:\/\/guille.pe\/blog\/wp-json\/wp\/v2\/pages\/43\/revisions"}],"predecessor-version":[{"id":670,"href":"https:\/\/guille.pe\/blog\/wp-json\/wp\/v2\/pages\/43\/revisions\/670"}],"wp:attachment":[{"href":"https:\/\/guille.pe\/blog\/wp-json\/wp\/v2\/media?parent=43"}],"curies":[{"name":"wp","href":"https:\/\/api.w.org\/{rel}","templated":true}]}}